{"id":9087,"date":"2025-03-17T09:04:18","date_gmt":"2025-03-17T09:04:18","guid":{"rendered":"https:\/\/savvychoice.co.uk\/savvytravel\/product\/universal-travel-adapter-worldwide-with-2-usbc-and-2-usb-a-ports-international-travel-plug-adapter-worldwide-usb-travel-adaptor-all-in-one-universal-charger-power-adapter-for-european-eu-us-uk-aus\/"},"modified":"2025-03-17T09:04:18","modified_gmt":"2025-03-17T09:04:18","slug":"universal-travel-adapter-worldwide-with-2-usbc-and-2-usb-a-ports-international-travel-plug-adapter-worldwide-usb-travel-adaptor-all-in-one-universal-charger-power-adapter-for-european-eu-us-uk-aus","status":"publish","type":"product","link":"https:\/\/savvychoice.co.uk\/savvytravel\/product\/universal-travel-adapter-worldwide-with-2-usbc-and-2-usb-a-ports-international-travel-plug-adapter-worldwide-usb-travel-adaptor-all-in-one-universal-charger-power-adapter-for-european-eu-us-uk-aus\/","title":{"rendered":"Universal Travel Adapter Worldwide with 2 USBC and 2 USB A Ports, International Travel Plug Adapter Worldwide USB Travel Adaptor All in One Universal Charger Power Adapter for European EU US UK AUS"},"content":{"rendered":"<p><\/p>\n<p>         Product Description            <\/p>\n<p>                                                                        <img decoding=\"async\" alt=\"universal travel adapter\" src=\"https:\/\/images-na.ssl-images-amazon.com\/images\/G\/01\/x-locale\/common\/grey-pixel.gif\" class=\"a-spacing-base a-lazy-loaded\" data-src=\"https:\/\/m.media-amazon.com\/images\/S\/aplus-media-library-service-media\/80266035-07d8-4527-81d1-b4505e82bb67.__CR0,0,970,600_PT0_SX970_V1___.jpg\"><img decoding=\"async\" alt=\"universal travel adapter\" src=\"https:\/\/m.media-amazon.com\/images\/S\/aplus-media-library-service-media\/80266035-07d8-4527-81d1-b4505e82bb67.__CR0,0,970,600_PT0_SX970_V1___.jpg\">                                          <\/p>\n<h3 class=\"a-spacing-mini\"> Common Journey Adapter Worldwide with 2 USB A, 2 USB C  and 1 AC socket, Charger 5 Units Concurrently <\/h3>\n<p class=\"a-spacing-base\"> Enhanced Security Journey Charger <\/p>\n<p class=\"a-spacing-base\"> This international common adapter contains a built-in 8A fuse that routinely disconnects in case of overheating. This world journey adapters is crafted from 750\u00b0C flame-retardant supplies and outfitted with a 100% pure copper core, it provides superior conductivity and warmth dissipation, making certain the security of each you and your digital units. <\/p>\n<p class=\"a-spacing-base\"> Worldwide Journey Adapter with USB C <\/p>\n<p class=\"a-spacing-base\"> This multi journey adapter plug comes with 4 interchangeable plugs, making it suitable in over 224 international locations, together with Germany, the USA, the UK, France, Thailand, Australia, China, Japan, Israel, Italy, Colombia, Spain, and extra. <\/p>\n<p class=\"a-spacing-base\"> Concurrently Charging for five Units <\/p>\n<p class=\"a-spacing-base\"> This worldwide energy adapters is supplied with 2 USB ports, 2 USB-C ports and 1 AC socket, permitting you to cost as much as 5 units on the identical time, together with smartphones, tablets, laptops, razors, and digital cameras. <\/p>\n<p class=\"apm-text-center\">\n                                                 <img decoding=\"async\" alt=\"usb travel adapter\" src=\"https:\/\/images-na.ssl-images-amazon.com\/images\/G\/01\/x-locale\/common\/grey-pixel.gif\" class=\"a-lazy-loaded\" data-src=\"https:\/\/m.media-amazon.com\/images\/S\/aplus-media-library-service-media\/6891b147-9673-4708-917e-087d1fe1483e.__CR0,0,220,220_PT0_SX220_V1___.jpg\"><img decoding=\"async\" alt=\"usb travel adapter\" src=\"https:\/\/m.media-amazon.com\/images\/S\/aplus-media-library-service-media\/6891b147-9673-4708-917e-087d1fe1483e.__CR0,0,220,220_PT0_SX220_V1___.jpg\">   <\/p>\n<p>                                                    EU Plug\/TYPE C                                     <\/p>\n<p class=\"a-size-small\"> Appropriate Nations: Albania \/ Austria \/ Belgium \/ Bosnia-Herzegovina \/ Bulgaria \/ Cambodia \/ Croatia \/ Czech Republic \/ Denmark \/ Egypt \/ Estonia \/ Finland \/ France \/ Greece \/ Hungary \/ Iceland \/ Indonesia \/ Latvia \/ Lithuania \/ Luxembourg \/ Macedonia \/ Montenegro \/ Morocco \/ Myanmar \/ Norway \/ Netherlands \/ Poland \/ Portugal \/ Romania \/ Russia \/ Serbia \/ Spain \/ Slovakia \/ Slovenia \/ South Korea \/ Sweden \/ Turkey \/ Ukraine \/ Vietnam <\/p>\n<p class=\"apm-text-center\">\n                                                 <img decoding=\"async\" alt=\"worldwide travel adapter\" src=\"https:\/\/images-na.ssl-images-amazon.com\/images\/G\/01\/x-locale\/common\/grey-pixel.gif\" class=\"a-lazy-loaded\" data-src=\"https:\/\/m.media-amazon.com\/images\/S\/aplus-media-library-service-media\/ad50a6dd-db37-4ea1-aa92-9c4b365156dc.__CR0,0,220,220_PT0_SX220_V1___.jpg\"><img decoding=\"async\" alt=\"worldwide travel adapter\" src=\"https:\/\/m.media-amazon.com\/images\/S\/aplus-media-library-service-media\/ad50a6dd-db37-4ea1-aa92-9c4b365156dc.__CR0,0,220,220_PT0_SX220_V1___.jpg\">   <\/p>\n<p>                                                    UK Plug\/TYPE G                                     <\/p>\n<p class=\"a-size-small\"> Appropriate Nations: Bhutan \/ Botswana \/ Brunei \/ Cyprus \/ Dominica \/ England \/ Ghana \/ Grenada \/ Hong Kong \/ Iraq \/ Eire \/ Kenya \/ Macau \/ Malta \/ Malaysia \/ Nigeria \/ Northern Eire \/ Pakistan\/ Qatar \/ Saint Lucia \/ Saint Vincent \/ Saudi Arabia \/ Scotland \/ Singapore \/ Sri Lanka \/ Tanzania \/ Uganda \/ United Arab Emirates \/ Wales \/ Yemen \/ Zimbabwe <\/p>\n<p class=\"apm-text-center\">\n                                                 <img decoding=\"async\" alt=\"universal charger\" src=\"https:\/\/images-na.ssl-images-amazon.com\/images\/G\/01\/x-locale\/common\/grey-pixel.gif\" class=\"a-lazy-loaded\" data-src=\"https:\/\/m.media-amazon.com\/images\/S\/aplus-media-library-service-media\/50b82d3b-2330-4ee4-a5b9-7075e46d5987.__CR0,0,220,220_PT0_SX220_V1___.jpg\"><img decoding=\"async\" alt=\"universal charger\" src=\"https:\/\/m.media-amazon.com\/images\/S\/aplus-media-library-service-media\/50b82d3b-2330-4ee4-a5b9-7075e46d5987.__CR0,0,220,220_PT0_SX220_V1___.jpg\">   <\/p>\n<p>                                                    US Plug\/TYPE A                                     <\/p>\n<p class=\"a-size-small\"> Appropriate Nations: American Samoa \/ Antigua and Barbuda \/ Aruba \/ Bahamas \/ Barbados \/ Belize \/ Bermuda \/ Brazil \/ Canada \/ Cayman Islands \/ Colombia \/ Costa Rica \/ Cuba \/ Ecuador \/ El Salvador \/ Guam \/ Guatemala \/ Haiti \/ Honduras \/ Jamaica \/ Japan \/ Laos \/ Liberia \/ Mexico \/ Micronesia \/ Montserrat \/ Nicaragua \/ Panama \/ Peru \/ Philippines \/ Puerto Rico \/ Saudi Arabia \/ Taiwan \/ Thailand \/ Venezuela <\/p>\n<p class=\"apm-text-center\">\n                                                 <img decoding=\"async\" alt=\"universal power adapter\" src=\"https:\/\/images-na.ssl-images-amazon.com\/images\/G\/01\/x-locale\/common\/grey-pixel.gif\" class=\"a-lazy-loaded\" data-src=\"https:\/\/m.media-amazon.com\/images\/S\/aplus-media-library-service-media\/32c0b46c-57fa-4d39-99aa-b53d802e1c2d.__CR0,0,220,220_PT0_SX220_V1___.jpg\"><img decoding=\"async\" alt=\"universal power adapter\" src=\"https:\/\/m.media-amazon.com\/images\/S\/aplus-media-library-service-media\/32c0b46c-57fa-4d39-99aa-b53d802e1c2d.__CR0,0,220,220_PT0_SX220_V1___.jpg\">   <\/p>\n<p>                                                    AUS Plug\/TYPE I                                     <\/p>\n<p class=\"a-size-small\"> Appropriate Nations: Argentina \/ Australia \/ China \/ Fiji \/ New Zealand \/ Papua New Guinea \/ Tokelau (the Union Islands) \/ American Samoa \/ Cook dinner Islands \/ Kiribati \/ Nauru \/ SaintVincent \/ Grenadines, Samoa \/ Solomon Islands \/ Tajikistan \/ Timor-Leste \/ Tonga \/ Tuvalu \/ Uzbekistan \/ Vanuatu, Uruguay <\/p>\n<p class=\"apm-text-center\">\n                                                 <img decoding=\"async\" alt=\"travel adapter\" src=\"https:\/\/images-na.ssl-images-amazon.com\/images\/G\/01\/x-locale\/common\/grey-pixel.gif\" class=\"a-spacing-mini a-lazy-loaded\" data-src=\"https:\/\/m.media-amazon.com\/images\/S\/aplus-media-library-service-media\/99650fbf-03c9-43be-a0d4-0238e0ec981f.__CR0,0,300,300_PT0_SX300_V1___.jpg\"><img decoding=\"async\" alt=\"travel adapter\" src=\"https:\/\/m.media-amazon.com\/images\/S\/aplus-media-library-service-media\/99650fbf-03c9-43be-a0d4-0238e0ec981f.__CR0,0,300,300_PT0_SX300_V1___.jpg\">   <\/p>\n<p>                                                    2 USB-C &amp; 2 USB-A Common Adaptor                                       <\/p>\n<p> That includes 2 USB-C ports able to charging as much as 3.0A\/15W and a couple of USB-A ports delivering as much as 2.4A\/20W, this journey plug adapter is right for all of your USB-powered units. The world broad journey plug adapter permits you to energy as much as 5 units concurrently, making certain quick and environment friendly charging wherever you&#8217;re. <\/p>\n<p class=\"apm-text-center\">\n                                                 <img decoding=\"async\" alt=\"international travel adapter\" src=\"https:\/\/images-na.ssl-images-amazon.com\/images\/G\/01\/x-locale\/common\/grey-pixel.gif\" class=\"a-spacing-mini a-lazy-loaded\" data-src=\"https:\/\/m.media-amazon.com\/images\/S\/aplus-media-library-service-media\/d2a7b47e-0e4a-4e55-aca0-6fe3bcfe811f.__CR0,0,300,300_PT0_SX300_V1___.jpg\"><img decoding=\"async\" alt=\"international travel adapter\" src=\"https:\/\/m.media-amazon.com\/images\/S\/aplus-media-library-service-media\/d2a7b47e-0e4a-4e55-aca0-6fe3bcfe811f.__CR0,0,300,300_PT0_SX300_V1___.jpg\">   <\/p>\n<p>                                                    Journey USB Charger with Worldwide Compatibility                                       <\/p>\n<p> This common journey adapter USB-C is suitable with a variety of digital units, together with smartphones, MacBooks, tablets, digital cameras, Bluetooth audio system, energy banks, laptops, and extra. It helps a most energy output of as much as 1920W (800W at 100V, 1920W at 240V). Please be aware: This multi nation adapter journey plug doesn&#8217;t convert voltage. <\/p>\n<p class=\"apm-text-center\">\n                                                 <img decoding=\"async\" alt=\"travel adapter worldwide\" src=\"https:\/\/images-na.ssl-images-amazon.com\/images\/G\/01\/x-locale\/common\/grey-pixel.gif\" class=\"a-spacing-mini a-lazy-loaded\" data-src=\"https:\/\/m.media-amazon.com\/images\/S\/aplus-media-library-service-media\/cdcb8da5-b267-4ef7-98f9-e67d5a0ef471.__CR0,0,300,300_PT0_SX300_V1___.jpg\"><img decoding=\"async\" alt=\"travel adapter worldwide\" src=\"https:\/\/m.media-amazon.com\/images\/S\/aplus-media-library-service-media\/cdcb8da5-b267-4ef7-98f9-e67d5a0ef471.__CR0,0,300,300_PT0_SX300_V1___.jpg\">   <\/p>\n<p>                                                    Journey Adapter Plug with Dependable Security Options                                       <\/p>\n<p> The journey adaptor Kind C is built-in with 8A fuses , which may assist high-power-rating units and routinely shuts off if the temperature will get too excessive, to guard your linked units. Licensed by UKCA, CE, RoHS, BS8546, you need to use this common plug adapter with none security concern while you journey overseas. <\/p>\n<p>                                                                        <img decoding=\"async\" alt=\"travel plug adapter worldwide\" src=\"https:\/\/images-na.ssl-images-amazon.com\/images\/G\/01\/x-locale\/common\/grey-pixel.gif\" class=\"a-spacing-base a-lazy-loaded\" data-src=\"https:\/\/m.media-amazon.com\/images\/S\/aplus-media-library-service-media\/3d42c49f-5353-4033-96de-5a6aa483e064.__CR0,0,970,600_PT0_SX970_V1___.jpg\"><img decoding=\"async\" alt=\"travel plug adapter worldwide\" src=\"https:\/\/m.media-amazon.com\/images\/S\/aplus-media-library-service-media\/3d42c49f-5353-4033-96de-5a6aa483e064.__CR0,0,970,600_PT0_SX970_V1___.jpg\">                                                                      <\/p>\n<p class=\"a-spacing-base\"> Consumer Suggestions for USB C Journey Charger: <\/p>\n<p class=\"a-spacing-base\"> 1.Um die Gefahr eines elektrischen Schlags zu vermeiden, halten Sie unbenutzte Steckerstifte eingezogen oder flach zusammengefaltet. <\/p>\n<p class=\"a-spacing-base\"> 2.Der Kind C journey adapter wandelt die Spannung nicht um. Vergewissern Sie sich, dass die Ger\u00e4te, die Sie an den journey adaptor anschlie\u00dfen, f\u00fcr die \u00f6rtliche Spannung ausgelegt sind. <\/p>\n<p class=\"a-spacing-base\"> 3.Halten Sie Kinder von dem eingeschalteten Netzteil fern. <\/p>\n<p class=\"a-spacing-base\"> 4.Verwenden Sie den common adapter nicht in einer feuchten oder nassen Umgebung. <\/p>\n<p> Bundle Dimensions                                    \u200f                                    :                                    \u200e                                    8.6 x 5.4 x 4.9 cm; 103 g   <br \/> Date First Obtainable                                    \u200f                                    :                                    \u200e                                    13 Feb. 2025   <br \/> Producer                                    \u200f                                    :                                    \u200e                                    Poukey   <br \/> ASIN                                    \u200f                                    :                                    \u200e                                    B0DX2942Z4   <br \/> Merchandise mannequin quantity                                    \u200f                                    :                                    \u200e                                    HHT205   <br \/> Nation of origin                                    \u200f                                    :                                    \u200e                                    China   <br \/> Assured software program updates till                                    \u200f                                    :                                    \u200e                                    unknown   <br \/>Common Journey Adapter With 2 USB-A + 2 USB C Ports + 1 AC Socket: The worldwide journey adapter incorporates 2 USB-A (Single USB output 5V\/2.4A MAX, 2 USB C port (whole output: 5V\/3A) and 1 common AC socket (helps 100 to 240V, 50\/60Hz, Max load 8A. Max energy 1920W at 240VAC, 800W at 100VAC). With this journey adapter worldwide, you&#8217;ll be able to cost as much as 5 units concurrently, assembly your wants for charging a number of units. It is a perfect selection for charging units equivalent to telephones, laptops, tablets, cameras, and extra.<br \/>Worldwide Journey Adapter with Twin Safety: Licensed by CE and UKCA, this journey plug adapter worldwide with 2 USB C and a couple of USB A ports supplies surge protectin, overload safety, short-circuit safety in your equiments. The USB journey adapter is supplied with twin 8A auto-resetting fuses, offering twin safety for high-power units.<br \/>Journey Plug Common Compatibility: The common charger equipt with 4 sorts of worldwide plugs (UK\/US\/EU\/AU Plug) covers over 224 international locations equivalent to Germany, Europe, USA, England, Asia, Thailand, Australia, China, Japan, Israel, Italy, Colombia, New Zealand, and so on. This common energy adapter accepts plugs of the next specs: Kind A, Kind B, Kind C, Kind E, Kind F, Kind G, Kind I, Kind J, Kind L, Kind N.<br \/>Compact for Touring: This compact journey adaptor measures 7.5 x 4.9 x 3.9 cm and weighs solely 108g, making it a really perfect companion in your worldwide travels. The common plug adaptor can save important house in your baggage, eliminating the necessity to carry multi journey adapter plug throughout your journey.<br \/>What You Get : 1 * Common journey adapter worldwide with 2 USB C and a couple of USB A ports. Please Notice: This Common adapter plug is just not a voltage converter. Please make certain your system with enter voltage vary 100-240V.<\/p>\n","protected":false},"excerpt":{"rendered":"<p>Product Description Common Journey Adapter Worldwide with 2 USB A, 2 USB C and 1 AC socket, Charger 5 Units Concurrently Enhanced Security Journey Charger This international common adapter contains a built-in 8A fuse that routinely disconnects in case of overheating. This world journey adapters is crafted from 750\u00b0C flame-retardant supplies and outfitted with a [&hellip;]<\/p>\n","protected":false},"featured_media":9088,"comment_status":"open","ping_status":"closed","template":"","meta":{"slim_seo":{"title":"Universal Travel Adapter Worldwide with 2 USBC and 2 USB A Ports, International Travel Plug Adapter Worldwide USB Travel Adaptor All in One Universal Charger Power Adapter for European EU US UK AUS - SavvyTravel","description":"Product Description Common Journey Adapter Worldwide with 2 USB A, 2 USB C and 1 AC socket, Charger 5 Units Concurrently Enhanced Security Journey Charger This"}},"product_brand":[],"product_cat":[65],"product_tag":[],"class_list":{"0":"post-9087","1":"product","2":"type-product","3":"status-publish","4":"has-post-thumbnail","6":"product_cat-travel-accessories","8":"first","9":"instock","10":"sale","11":"shipping-taxable","12":"product-type-external"},"fifu_image_url":"https:\/\/m.media-amazon.com\/images\/I\/71ZgDbD7Z7L._AC_SL1500_.jpg","_links":{"self":[{"href":"https:\/\/savvychoice.co.uk\/savvytravel\/wp-json\/wp\/v2\/product\/9087","targetHints":{"allow":["GET"]}}],"collection":[{"href":"https:\/\/savvychoice.co.uk\/savvytravel\/wp-json\/wp\/v2\/product"}],"about":[{"href":"https:\/\/savvychoice.co.uk\/savvytravel\/wp-json\/wp\/v2\/types\/product"}],"replies":[{"embeddable":true,"href":"https:\/\/savvychoice.co.uk\/savvytravel\/wp-json\/wp\/v2\/comments?post=9087"}],"wp:featuredmedia":[{"embeddable":true,"href":"https:\/\/savvychoice.co.uk\/savvytravel\/wp-json\/wp\/v2\/media\/9088"}],"wp:attachment":[{"href":"https:\/\/savvychoice.co.uk\/savvytravel\/wp-json\/wp\/v2\/media?parent=9087"}],"wp:term":[{"taxonomy":"product_brand","embeddable":true,"href":"https:\/\/savvychoice.co.uk\/savvytravel\/wp-json\/wp\/v2\/product_brand?post=9087"},{"taxonomy":"product_cat","embeddable":true,"href":"https:\/\/savvychoice.co.uk\/savvytravel\/wp-json\/wp\/v2\/product_cat?post=9087"},{"taxonomy":"product_tag","embeddable":true,"href":"https:\/\/savvychoice.co.uk\/savvytravel\/wp-json\/wp\/v2\/product_tag?post=9087"}],"curies":[{"name":"wp","href":"https:\/\/api.w.org\/{rel}","templated":true}]}}