{"id":18286,"date":"2025-06-06T13:55:18","date_gmt":"2025-06-06T13:55:18","guid":{"rendered":"https:\/\/savvychoice.co.uk\/savvytravel\/product\/fits-travel\/"},"modified":"2025-06-06T13:55:18","modified_gmt":"2025-06-06T13:55:18","slug":"fits-travel","status":"publish","type":"product","link":"https:\/\/savvychoice.co.uk\/savvytravel\/product\/fits-travel\/","title":{"rendered":"Fits Travel"},"content":{"rendered":"<p><\/p>\n<p> <span>FITS TRAVEL to podr\u00f3\u017cna wersja bestsellerowej gry FITS. Uk\u0142ada si\u0119 tak samo dobrze, jak w pierwowzorze. Kompaktowe wykonanie i szybka rozgrywka sprawiaj\u0105, \u017ce gra jest idealna do zabrania ze sob\u0105 \u2013 wsz\u0119dzie tam, gdzie b\u0119dziesz mia\u0142 ochot\u0119 pogra\u0107. Zape\u0142nij swoj\u0105 plansz\u0119 klockami o r\u00f3\u017cnych kszta\u0142tach. We\u017a wskazany klocek, dowolnie go obr\u00f3\u0107 i przesu\u0144 na d\u00f3\u0142 swojej rampy. W zale\u017cno\u015bci od rundy niekt\u00f3re pola trzeba zas\u0142oni\u0107, a niekt\u00f3re zostawi\u0107 widoczne. Dzi\u0119ki ma\u0142emu pude\u0142ku i szybkiej rozgrywce gra jest idealna do zabrania w podr\u00f3\u017c.<\/span>  <br \/> Product Dimensions                                    \u200f                                    :                                    \u200e                                    11.5 x 3.6 x 18.5 cm; 300 g   <br \/> Launch date                                    \u200f                                    :                                    \u200e                                    21 Mar. 2022   <br \/> Producer                                    \u200f                                    :                                    \u200e                                    Egmont   <br \/> ASIN                                    \u200f                                    :                                    \u200e                                    B09W4LZ8YB   <\/p>\n","protected":false},"excerpt":{"rendered":"<p>FITS TRAVEL to podr\u00f3\u017cna wersja bestsellerowej gry FITS. Uk\u0142ada si\u0119 tak samo dobrze, jak w pierwowzorze. Kompaktowe wykonanie i szybka rozgrywka sprawiaj\u0105, \u017ce gra jest idealna do zabrania ze sob\u0105 \u2013 wsz\u0119dzie tam, gdzie b\u0119dziesz mia\u0142 ochot\u0119 pogra\u0107. Zape\u0142nij swoj\u0105 plansz\u0119 klockami o r\u00f3\u017cnych kszta\u0142tach. We\u017a wskazany klocek, dowolnie go obr\u00f3\u0107 i przesu\u0144 na d\u00f3\u0142 [&hellip;]<\/p>\n","protected":false},"featured_media":18287,"comment_status":"open","ping_status":"closed","template":"","meta":{"slim_seo":{"title":"Fits Travel - SavvyTravel","description":"FITS TRAVEL to podr\u00f3\u017cna wersja bestsellerowej gry FITS. Uk\u0142ada si\u0119 tak samo dobrze, jak w pierwowzorze. Kompaktowe wykonanie i szybka rozgrywka sprawiaj\u0105, \u017ce gr"}},"product_brand":[],"product_cat":[67],"product_tag":[],"class_list":{"0":"post-18286","1":"product","2":"type-product","3":"status-publish","4":"has-post-thumbnail","6":"product_cat-travel-pillows","8":"first","9":"instock","10":"shipping-taxable","11":"product-type-external"},"fifu_image_url":"https:\/\/m.media-amazon.com\/images\/I\/71FfXjgDOKL._AC_SL1500_.jpg","_links":{"self":[{"href":"https:\/\/savvychoice.co.uk\/savvytravel\/wp-json\/wp\/v2\/product\/18286","targetHints":{"allow":["GET"]}}],"collection":[{"href":"https:\/\/savvychoice.co.uk\/savvytravel\/wp-json\/wp\/v2\/product"}],"about":[{"href":"https:\/\/savvychoice.co.uk\/savvytravel\/wp-json\/wp\/v2\/types\/product"}],"replies":[{"embeddable":true,"href":"https:\/\/savvychoice.co.uk\/savvytravel\/wp-json\/wp\/v2\/comments?post=18286"}],"wp:featuredmedia":[{"embeddable":true,"href":"https:\/\/savvychoice.co.uk\/savvytravel\/wp-json\/wp\/v2\/media\/18287"}],"wp:attachment":[{"href":"https:\/\/savvychoice.co.uk\/savvytravel\/wp-json\/wp\/v2\/media?parent=18286"}],"wp:term":[{"taxonomy":"product_brand","embeddable":true,"href":"https:\/\/savvychoice.co.uk\/savvytravel\/wp-json\/wp\/v2\/product_brand?post=18286"},{"taxonomy":"product_cat","embeddable":true,"href":"https:\/\/savvychoice.co.uk\/savvytravel\/wp-json\/wp\/v2\/product_cat?post=18286"},{"taxonomy":"product_tag","embeddable":true,"href":"https:\/\/savvychoice.co.uk\/savvytravel\/wp-json\/wp\/v2\/product_tag?post=18286"}],"curies":[{"name":"wp","href":"https:\/\/api.w.org\/{rel}","templated":true}]}}