{"id":15136,"date":"2025-04-19T19:04:05","date_gmt":"2025-04-19T19:04:05","guid":{"rendered":"https:\/\/savvychoice.co.uk\/savvytravel\/product\/equipaje-de-mano-hand-luggage-cronicas-de-viaje-travel-chronicles\/"},"modified":"2025-04-19T19:04:05","modified_gmt":"2025-04-19T19:04:05","slug":"equipaje-de-mano-hand-luggage-cronicas-de-viaje-travel-chronicles","status":"publish","type":"product","link":"https:\/\/savvychoice.co.uk\/savvytravel\/product\/equipaje-de-mano-hand-luggage-cronicas-de-viaje-travel-chronicles\/","title":{"rendered":"Equipaje de mano [Hand Luggage]: Cr\u00f3nicas de viaje [Travel Chronicles]"},"content":{"rendered":"<p><\/p>\n<p>Un viaje por los Estados Unidos buscando un pueblo cercano a Tampa donde se re\u00fanen muchos de los hombres m\u00e1s raros de Norteam\u00e9rica, freaks que trabajan en circos divirtiendo al p\u00fablico con sus deformidades; un recorrido por Espa\u00f1a en busca de Aguaviva, un pueblo espa\u00f1ol que ha sido repoblado con argentinos cesantes; un vuelo a Iquitos, en la selva peruana, buscando la historia de los Amazon Boys, muchachos que se dedican a enamorar turistas gringas; la ca\u00edda de las Torres Gemelas en pleno Estambul, donde las noticias de CNN tienen como fondo los rezos del Cor\u00e1n multiplicados por los altoparlantes.<\/p>\n<p>Please be aware: This audiobook is in Spanish.<\/p>\n<p><\/p>\n","protected":false},"excerpt":{"rendered":"<p>Un viaje por los Estados Unidos buscando un pueblo cercano a Tampa donde se re\u00fanen muchos de los hombres m\u00e1s raros de Norteam\u00e9rica, freaks que trabajan en circos divirtiendo al p\u00fablico con sus deformidades; un recorrido por Espa\u00f1a en busca de Aguaviva, un pueblo espa\u00f1ol que ha sido repoblado con argentinos cesantes; un vuelo a [&hellip;]<\/p>\n","protected":false},"featured_media":15137,"comment_status":"open","ping_status":"closed","template":"","meta":{"slim_seo":{"title":"Equipaje de mano [Hand Luggage]: Cr\u00f3nicas de viaje [Travel Chronicles] - SavvyTravel","description":"Un viaje por los Estados Unidos buscando un pueblo cercano a Tampa donde se re\u00fanen muchos de los hombres m\u00e1s raros de Norteam\u00e9rica, freaks que trabajan en circo"}},"product_brand":[],"product_cat":[66],"product_tag":[],"class_list":{"0":"post-15136","1":"product","2":"type-product","3":"status-publish","4":"has-post-thumbnail","6":"product_cat-travel-luggage","8":"first","9":"instock","10":"shipping-taxable","11":"product-type-external"},"fifu_image_url":"https:\/\/m.media-amazon.com\/images\/I\/81wm1K9e-gL._SL1500_.jpg","_links":{"self":[{"href":"https:\/\/savvychoice.co.uk\/savvytravel\/wp-json\/wp\/v2\/product\/15136","targetHints":{"allow":["GET"]}}],"collection":[{"href":"https:\/\/savvychoice.co.uk\/savvytravel\/wp-json\/wp\/v2\/product"}],"about":[{"href":"https:\/\/savvychoice.co.uk\/savvytravel\/wp-json\/wp\/v2\/types\/product"}],"replies":[{"embeddable":true,"href":"https:\/\/savvychoice.co.uk\/savvytravel\/wp-json\/wp\/v2\/comments?post=15136"}],"wp:featuredmedia":[{"embeddable":true,"href":"https:\/\/savvychoice.co.uk\/savvytravel\/wp-json\/wp\/v2\/media\/15137"}],"wp:attachment":[{"href":"https:\/\/savvychoice.co.uk\/savvytravel\/wp-json\/wp\/v2\/media?parent=15136"}],"wp:term":[{"taxonomy":"product_brand","embeddable":true,"href":"https:\/\/savvychoice.co.uk\/savvytravel\/wp-json\/wp\/v2\/product_brand?post=15136"},{"taxonomy":"product_cat","embeddable":true,"href":"https:\/\/savvychoice.co.uk\/savvytravel\/wp-json\/wp\/v2\/product_cat?post=15136"},{"taxonomy":"product_tag","embeddable":true,"href":"https:\/\/savvychoice.co.uk\/savvytravel\/wp-json\/wp\/v2\/product_tag?post=15136"}],"curies":[{"name":"wp","href":"https:\/\/api.w.org\/{rel}","templated":true}]}}