{"id":13989,"date":"2025-04-05T16:08:27","date_gmt":"2025-04-05T16:08:27","guid":{"rendered":"https:\/\/savvychoice.co.uk\/savvytravel\/product\/fjallraven-62322-320-travel-pillow-red-onesize\/"},"modified":"2025-04-05T16:08:28","modified_gmt":"2025-04-05T16:08:28","slug":"fjallraven-62322-320-travel-pillow-red-onesize","status":"publish","type":"product","link":"https:\/\/savvychoice.co.uk\/savvytravel\/product\/fjallraven-62322-320-travel-pillow-red-onesize\/","title":{"rendered":"Fjallraven 62322-320 Travel Pillow Red OneSize"},"content":{"rendered":"<p><\/p>\n<p>         From the producer             <\/p>\n<p>                                                        <img decoding=\"async\" alt=\" \" src=\"https:\/\/images-na.ssl-images-amazon.com\/images\/G\/01\/x-locale\/common\/grey-pixel.gif\" class=\"a-lazy-loaded\" data-src=\"https:\/\/m.media-amazon.com\/images\/S\/aplus-media\/sota\/4ac283f8-7334-4dbd-b60f-a3740c6939f4.__CR0,0,600,180_PT0_SX600_V1___.jpg\"><img decoding=\"async\" alt=\" \" src=\"https:\/\/m.media-amazon.com\/images\/S\/aplus-media\/sota\/4ac283f8-7334-4dbd-b60f-a3740c6939f4.__CR0,0,600,180_PT0_SX600_V1___.jpg\">      <\/p>\n<p>                                                 <img decoding=\"async\" alt=\" \" src=\"https:\/\/images-na.ssl-images-amazon.com\/images\/G\/01\/x-locale\/common\/grey-pixel.gif\" class=\"a-lazy-loaded\" data-src=\"https:\/\/m.media-amazon.com\/images\/S\/aplus-media\/sota\/6b22c708-c763-4d63-bf96-4096838e6e01.__CR0,0,300,300_PT0_SX300_V1___.jpg\"><img decoding=\"async\" alt=\" \" src=\"https:\/\/m.media-amazon.com\/images\/S\/aplus-media\/sota\/6b22c708-c763-4d63-bf96-4096838e6e01.__CR0,0,300,300_PT0_SX300_V1___.jpg\">  <\/p>\n<h3 class=\"a-spacing-mini\"> About Us <\/h3>\n<p> Fj\u00e4llr\u00e4ven was born out of 1 man\u2019s imaginative and prescient: a imaginative and prescient to make nature accessible to extra individuals. <\/p>\n<p> \u00c5ke Nordin was born in \u00d6rnsk\u00f6ldsvik, on Sweden\u2019s Excessive Coast, in 1936. Combining rolling hills, deep forests and sheltered shoreline it was the right playground for a younger, curious \u00c5ke. And it was on one among his many adventures that the seed for Fj\u00e4llr\u00e4ven was planted, deep in \u00c5ke\u2019s thoughts. <\/p>\n<p class=\"description\"> The concept arose out of necessity: to create a backpack that swallowed up gear, however sat comfortably on his again. \u00c5ke knew there should be a approach. Together with his mom\u2019s stitching machine and his father\u2019s instruments, \u00c5ke created a wooden-framed backpack in his basement. And with it, the seed was sown. 10 years later, in 1960, in that very same basement, \u00c5ke based Fj\u00e4llr\u00e4ven and launched his first product on the market. Guess what&#8217;s was? Yep, a backpack; this time with an aluminium body. <\/p>\n<p class=\"description\"> In the course of the Sixties and 70s, fuelled by \u00c5ke\u2019s cussed perception that there should at all times be a approach \u2013 a sensible answer \u2013the Fj\u00e4llr\u00e4ven product vary expanded considerably, with tents, sleeping luggage, jackets and trousers. The Greenland Jacket, the Expedition Down Jacket and the K\u00e5nken backpack proved to be defining merchandise. Nearly each different Swede, from avid trekker to enthusiastic nature lover, wore and trusted Fj\u00e4llr\u00e4ven. <\/p>\n<p>Artificial padding<br \/>Journey padded pillow<br \/>Color: pink<br \/>Materials: polyester<br \/>Package deal Dimensions: 10.8 L x 20.0 H x 12.8 W (centimeters)<br \/>Packs compact within the stuffsack<\/p>\n","protected":false},"excerpt":{"rendered":"<p>From the producer About Us Fj\u00e4llr\u00e4ven was born out of 1 man\u2019s imaginative and prescient: a imaginative and prescient to make nature accessible to extra individuals. \u00c5ke Nordin was born in \u00d6rnsk\u00f6ldsvik, on Sweden\u2019s Excessive Coast, in 1936. Combining rolling hills, deep forests and sheltered shoreline it was the right playground for a younger, curious [&hellip;]<\/p>\n","protected":false},"featured_media":13990,"comment_status":"open","ping_status":"closed","template":"","meta":{"slim_seo":{"title":"Fjallraven 62322-320 Travel Pillow Red OneSize - SavvyTravel","description":"From the producer About Us Fj\u00e4llr\u00e4ven was born out of 1 man\u2019s imaginative and prescient: a imaginative and prescient to make nature accessible to extra individu"}},"product_brand":[],"product_cat":[67],"product_tag":[],"class_list":{"0":"post-13989","1":"product","2":"type-product","3":"status-publish","4":"has-post-thumbnail","6":"product_cat-travel-pillows","8":"first","9":"instock","10":"sale","11":"shipping-taxable","12":"product-type-external"},"fifu_image_url":"https:\/\/m.media-amazon.com\/images\/I\/41p-DRR3mNL._AC_SL1000_.jpg","_links":{"self":[{"href":"https:\/\/savvychoice.co.uk\/savvytravel\/wp-json\/wp\/v2\/product\/13989","targetHints":{"allow":["GET"]}}],"collection":[{"href":"https:\/\/savvychoice.co.uk\/savvytravel\/wp-json\/wp\/v2\/product"}],"about":[{"href":"https:\/\/savvychoice.co.uk\/savvytravel\/wp-json\/wp\/v2\/types\/product"}],"replies":[{"embeddable":true,"href":"https:\/\/savvychoice.co.uk\/savvytravel\/wp-json\/wp\/v2\/comments?post=13989"}],"wp:featuredmedia":[{"embeddable":true,"href":"https:\/\/savvychoice.co.uk\/savvytravel\/wp-json\/wp\/v2\/media\/13990"}],"wp:attachment":[{"href":"https:\/\/savvychoice.co.uk\/savvytravel\/wp-json\/wp\/v2\/media?parent=13989"}],"wp:term":[{"taxonomy":"product_brand","embeddable":true,"href":"https:\/\/savvychoice.co.uk\/savvytravel\/wp-json\/wp\/v2\/product_brand?post=13989"},{"taxonomy":"product_cat","embeddable":true,"href":"https:\/\/savvychoice.co.uk\/savvytravel\/wp-json\/wp\/v2\/product_cat?post=13989"},{"taxonomy":"product_tag","embeddable":true,"href":"https:\/\/savvychoice.co.uk\/savvytravel\/wp-json\/wp\/v2\/product_tag?post=13989"}],"curies":[{"name":"wp","href":"https:\/\/api.w.org\/{rel}","templated":true}]}}