{"id":13682,"date":"2025-04-02T10:25:39","date_gmt":"2025-04-02T10:25:39","guid":{"rendered":"https:\/\/savvychoice.co.uk\/savvytravel\/product\/shkalacar-kids-travel-pillow-car-sleeping-pillow-h-shape-with-head-support-travel-pillows-for-car-seat-support-the-body-and-head-kid-baby-neck-pillow-for-car\/"},"modified":"2025-04-02T10:25:39","modified_gmt":"2025-04-02T10:25:39","slug":"shkalacar-kids-travel-pillow-car-sleeping-pillow-h-shape-with-head-support-travel-pillows-for-car-seat-support-the-body-and-head-kid-baby-neck-pillow-for-car","status":"publish","type":"product","link":"https:\/\/savvychoice.co.uk\/savvytravel\/product\/shkalacar-kids-travel-pillow-car-sleeping-pillow-h-shape-with-head-support-travel-pillows-for-car-seat-support-the-body-and-head-kid-baby-neck-pillow-for-car\/","title":{"rendered":"Shkalacar Kids Travel Pillow, Car Sleeping Pillow H-Shape with Head Support Travel Pillows for Car Seat Support The Body and Head Kid Baby Neck Pillow for Car"},"content":{"rendered":"<p><\/p>\n<p>         From the model             <\/p>\n<p>                                             <img decoding=\"async\" alt=\"Shkalacar\" src=\"https:\/\/images-na.ssl-images-amazon.com\/images\/G\/01\/x-locale\/common\/grey-pixel.gif\" class=\"a-lazy-loaded\" data-src=\"https:\/\/m.media-amazon.com\/images\/S\/aplus-media-library-service-media\/0565eac5-60b1-4640-9238-1bacd3b97ea3.__CR0,0,1464,625_PT0_SX1464_V1___.jpg\"><img decoding=\"async\" alt=\"Shkalacar\" src=\"https:\/\/m.media-amazon.com\/images\/S\/aplus-media-library-service-media\/0565eac5-60b1-4640-9238-1bacd3b97ea3.__CR0,0,1464,625_PT0_SX1464_V1___.jpg\">  <\/p>\n<p>                                             <img decoding=\"async\" alt=\"\" src=\"https:\/\/images-na.ssl-images-amazon.com\/images\/G\/01\/x-locale\/common\/grey-pixel.gif\" class=\"a-lazy-loaded\" data-src=\"https:\/\/m.media-amazon.com\/images\/S\/aplus-media-library-service-media\/be132297-81bf-4ad3-acaa-d00c160e6721.__CR0,7,350,161_PT0_SX315_V1___.jpg\"><img decoding=\"async\" alt=\"\" src=\"https:\/\/m.media-amazon.com\/images\/S\/aplus-media-library-service-media\/be132297-81bf-4ad3-acaa-d00c160e6721.__CR0,7,350,161_PT0_SX315_V1___.jpg\">  <\/p>\n<p> Shkalacar se ha centrado en la investigaci\u00f3n y el desarrollo de accesorios para autom\u00f3viles y motocicletas durante m\u00e1s de 10 a\u00f1os, y se compromete a brindar a los clientes productos de la m\u00e1s alta calidad y los mejores servicios. Leal a la mejora de su experiencia de coche! <\/p>\n<h3> Electrical Automotive Wash Foam Gun <\/h3>\n<h3> Motorbike Equipment <\/h3>\n<h3> Shkalacar automotive&amp;moto equipment <\/h3>\n<h3> Seat Bracket Mount <\/h3>\n<h3> Rear View Mirror <\/h3>\n<h3> Dent Elimination Equipment <\/h3>\n<p>\ud83d\ude97Improved Head Help\ud83d\udc4d This pillow has an H-shaped design that reduces the width of the neck assist half and permits the child&#8217;s head to relaxation comfortably on both facet, offering higher assist for the child&#8217;s head.<br \/>\ud83d\ude97Versatile &#038; Consolation\ud83d\udc4d This cartoon journey pillow can be utilized on either side, providing you with extra choices and luxury. It&#8217;s product of high-quality cotton materials and tremendous smooth, breathable cloth that feels mild in your pores and skin.<br \/>\ud83d\ude97Say Goodbye to Leg Numbness\ud83d\udc4d Our automotive sleeping head assist ensures ultimate consolation for you or your little child on lengthy journeys with its giant curvature design that does not compress legs, with none leg numbness.<br \/>\ud83d\ude97Broad Use\ud83d\udc4d This automotive sleeping assist pillow is good for lengthy automotive rides, aircraft journeys, or naps at dwelling. Let your child journey conveniently with our compact and easy-to-carry pillow, giving them the peaceable sleep they want.<br \/>\ud83d\ude97Sensible Reward\ud83d\udc4dIrrespective of how your youngster strikes or tilts his head, this moveable pillow will present full neck and chin assist. It makes for the right present for child showers, birthdays, Mom&#8217;s Day, Christmas, or any day.<\/p>\n","protected":false},"excerpt":{"rendered":"<p>From the model Shkalacar se ha centrado en la investigaci\u00f3n y el desarrollo de accesorios para autom\u00f3viles y motocicletas durante m\u00e1s de 10 a\u00f1os, y se compromete a brindar a los clientes productos de la m\u00e1s alta calidad y los mejores servicios. Leal a la mejora de su experiencia de coche! Electrical Automotive Wash Foam [&hellip;]<\/p>\n","protected":false},"featured_media":13683,"comment_status":"open","ping_status":"closed","template":"","meta":{"slim_seo":{"title":"Shkalacar Kids Travel Pillow, Car Sleeping Pillow H-Shape with Head Support Travel Pillows for Car Seat Support The Body and Head Kid Baby Neck Pillow for Car - SavvyTravel","description":"From the model Shkalacar se ha centrado en la investigaci\u00f3n y el desarrollo de accesorios para autom\u00f3viles y motocicletas durante m\u00e1s de 10 a\u00f1os, y se compromet"}},"product_brand":[],"product_cat":[67],"product_tag":[],"class_list":{"0":"post-13682","1":"product","2":"type-product","3":"status-publish","4":"has-post-thumbnail","6":"product_cat-travel-pillows","8":"first","9":"instock","10":"sale","11":"shipping-taxable","12":"product-type-external"},"fifu_image_url":"https:\/\/m.media-amazon.com\/images\/I\/51XVF1I3KXL._AC_SL1000_.jpg","_links":{"self":[{"href":"https:\/\/savvychoice.co.uk\/savvytravel\/wp-json\/wp\/v2\/product\/13682","targetHints":{"allow":["GET"]}}],"collection":[{"href":"https:\/\/savvychoice.co.uk\/savvytravel\/wp-json\/wp\/v2\/product"}],"about":[{"href":"https:\/\/savvychoice.co.uk\/savvytravel\/wp-json\/wp\/v2\/types\/product"}],"replies":[{"embeddable":true,"href":"https:\/\/savvychoice.co.uk\/savvytravel\/wp-json\/wp\/v2\/comments?post=13682"}],"wp:featuredmedia":[{"embeddable":true,"href":"https:\/\/savvychoice.co.uk\/savvytravel\/wp-json\/wp\/v2\/media\/13683"}],"wp:attachment":[{"href":"https:\/\/savvychoice.co.uk\/savvytravel\/wp-json\/wp\/v2\/media?parent=13682"}],"wp:term":[{"taxonomy":"product_brand","embeddable":true,"href":"https:\/\/savvychoice.co.uk\/savvytravel\/wp-json\/wp\/v2\/product_brand?post=13682"},{"taxonomy":"product_cat","embeddable":true,"href":"https:\/\/savvychoice.co.uk\/savvytravel\/wp-json\/wp\/v2\/product_cat?post=13682"},{"taxonomy":"product_tag","embeddable":true,"href":"https:\/\/savvychoice.co.uk\/savvytravel\/wp-json\/wp\/v2\/product_tag?post=13682"}],"curies":[{"name":"wp","href":"https:\/\/api.w.org\/{rel}","templated":true}]}}