{"id":12975,"date":"2025-03-28T07:40:41","date_gmt":"2025-03-28T07:40:41","guid":{"rendered":"https:\/\/savvychoice.co.uk\/savvytravel\/product\/bange-handgepack-rucksack-flgiht-zugelassener-reiserucksack-fur-damen-und-herren-schwarz-l-45-l-reisverschluss\/"},"modified":"2025-03-28T07:40:42","modified_gmt":"2025-03-28T07:40:42","slug":"bange-handgepack-rucksack-flgiht-zugelassener-reiserucksack-fur-damen-und-herren-schwarz-l-45-l-reisverschluss","status":"publish","type":"product","link":"https:\/\/savvychoice.co.uk\/savvytravel\/product\/bange-handgepack-rucksack-flgiht-zugelassener-reiserucksack-fur-damen-und-herren-schwarz-l-45-l-reisverschluss\/","title":{"rendered":"BANGE Handgep\u00e4ck-Rucksack, Flgiht zugelassener Reiserucksack f\u00fcr Damen und Herren, Schwarz-L (45 l), Rei\u00dfverschluss"},"content":{"rendered":"<p><\/p>\n<p>         From the model            <\/p>\n<p>                                         <img decoding=\"async\" alt=\"bange \u54c1\u724c\" src=\"https:\/\/images-na.ssl-images-amazon.com\/images\/G\/01\/x-locale\/common\/grey-pixel.gif\" class=\"a-lazy-loaded\" data-src=\"https:\/\/m.media-amazon.com\/images\/S\/aplus-media-library-service-media\/1e88d99a-6cd2-463a-bdc8-5276af88575e.__CR0,0,1464,625_PT0_SX1464_V1___.jpg\"><img decoding=\"async\" alt=\"bange \u54c1\u724c\" src=\"https:\/\/m.media-amazon.com\/images\/S\/aplus-media-library-service-media\/1e88d99a-6cd2-463a-bdc8-5276af88575e.__CR0,0,1464,625_PT0_SX1464_V1___.jpg\">   <\/p>\n<p>                                         <img decoding=\"async\" alt=\"\" src=\"https:\/\/images-na.ssl-images-amazon.com\/images\/G\/01\/x-locale\/common\/grey-pixel.gif\" class=\"a-lazy-loaded\" data-src=\"https:\/\/m.media-amazon.com\/images\/S\/aplus-media-library-service-media\/6611608c-2a7a-4c88-8658-4d48d56da83c.__CR0,202,2795,1287_PT0_SX315_V1___.jpg\"><img decoding=\"async\" alt=\"\" src=\"https:\/\/m.media-amazon.com\/images\/S\/aplus-media-library-service-media\/6611608c-2a7a-4c88-8658-4d48d56da83c.__CR0,202,2795,1287_PT0_SX315_V1___.jpg\">   <\/p>\n<p> BANGE , a high-end model backpack, specializing in the event and design of males multi-functional enterprise packs. <\/p>\n<p> we&#8217;re dedicated to integrating modem know-how in a personalised, sustainable and security approach, to create a high quality and look coexist merchandise . To discover and pursue a vogue, excessive effectivity and distinctive way of life. <\/p>\n<h3> BANGE laptop computer backpack <\/h3>\n<p class=\"apm-brand-story-stores-link\">\n<p>                                         <img decoding=\"async\" alt=\"\" src=\"https:\/\/images-na.ssl-images-amazon.com\/images\/G\/01\/x-locale\/common\/grey-pixel.gif\" class=\"a-lazy-loaded\" data-src=\"https:\/\/m.media-amazon.com\/images\/S\/aplus-media-library-service-media\/e783f7d6-75c7-485c-be7e-09077c9f7b81.__CR1525,0,1279,1600_PT0_SX362_V1___.jpg\"><img decoding=\"async\" alt=\"\" src=\"https:\/\/m.media-amazon.com\/images\/S\/aplus-media-library-service-media\/e783f7d6-75c7-485c-be7e-09077c9f7b81.__CR1525,0,1279,1600_PT0_SX362_V1___.jpg\">   <\/p>\n<h3> Laptop computer backpack <\/h3>\n<p>                                         <img decoding=\"async\" alt=\"\" src=\"https:\/\/images-na.ssl-images-amazon.com\/images\/G\/01\/x-locale\/common\/grey-pixel.gif\" class=\"a-lazy-loaded\" data-src=\"https:\/\/m.media-amazon.com\/images\/S\/aplus-media-library-service-media\/793cff68-1f71-40bc-931a-4e8d70b6de3e.__CR151,0,1199,1500_PT0_SX362_V1___.jpg\"><img decoding=\"async\" alt=\"\" src=\"https:\/\/m.media-amazon.com\/images\/S\/aplus-media-library-service-media\/793cff68-1f71-40bc-931a-4e8d70b6de3e.__CR151,0,1199,1500_PT0_SX362_V1___.jpg\">   <\/p>\n<h3> Journey backpack <\/h3>\n<p>                                         <img decoding=\"async\" alt=\"\" src=\"https:\/\/images-na.ssl-images-amazon.com\/images\/G\/01\/x-locale\/common\/grey-pixel.gif\" class=\"a-lazy-loaded\" data-src=\"https:\/\/m.media-amazon.com\/images\/S\/aplus-media-library-service-media\/3e7baadd-4aca-4119-aeb9-7c760534eec4.__CR80,0,639,800_PT0_SX362_V1___.jpg\"><img decoding=\"async\" alt=\"\" src=\"https:\/\/m.media-amazon.com\/images\/S\/aplus-media-library-service-media\/3e7baadd-4aca-4119-aeb9-7c760534eec4.__CR80,0,639,800_PT0_SX362_V1___.jpg\">   <\/p>\n<h3> Enterprise laptop computer  Backpack <\/h3>\n<h3> BANGE Backpack <\/h3>\n<p>                                         <img decoding=\"async\" alt=\"\" src=\"https:\/\/images-na.ssl-images-amazon.com\/images\/G\/01\/x-locale\/common\/grey-pixel.gif\" class=\"a-lazy-loaded\" data-src=\"https:\/\/m.media-amazon.com\/images\/S\/aplus-media-library-service-media\/1053736f-bff5-489c-ba5e-1f1ac2e1caf2.__CR100,0,799,1000_PT0_SX362_V1___.jpg\"><img decoding=\"async\" alt=\"\" src=\"https:\/\/m.media-amazon.com\/images\/S\/aplus-media-library-service-media\/1053736f-bff5-489c-ba5e-1f1ac2e1caf2.__CR100,0,799,1000_PT0_SX362_V1___.jpg\">   <\/p>\n<h3> Bange Sling Bag <\/h3>\n<h3> BANGE Shoulder Bag <\/h3>\n<p>                                                         How about your design workforce?                                       <\/p>\n<p> Our workforce employs exacting design protocols to make sure every BANGE product meets the wants of our customers, new rising markets, and an ever-expanding world of recent habits of younger. <\/p>\n<p>                                                         How do you choose your provide chain?                                       <\/p>\n<p> We choose premium materials worldwide with excessive correct tailoring to develop merchandise that aren&#8217;t solely elegant in look but additionally help customers in on a regular basis life by providing comfort and security. <\/p>\n<p>                                                         What&#8217;s your organization worth?                                       <\/p>\n<p> Try For New Artistic Design to give attention to the event and design of males multi-functional enterprise packs. <\/p>\n<p> Date First Out there                                    \u200f                                    :                                    \u200e                                    18 Feb. 2025   <br \/> ASIN                                    \u200f                                    :                                    \u200e                                    B0DXKCQ53Q   <\/p>\n","protected":false},"excerpt":{"rendered":"<p>From the model BANGE , a high-end model backpack, specializing in the event and design of males multi-functional enterprise packs. we&#8217;re dedicated to integrating modem know-how in a personalised, sustainable and security approach, to create a high quality and look coexist merchandise . To discover and pursue a vogue, excessive effectivity and distinctive way of [&hellip;]<\/p>\n","protected":false},"featured_media":12976,"comment_status":"open","ping_status":"closed","template":"","meta":{"slim_seo":{"title":"BANGE Handgep\u00e4ck-Rucksack, Flgiht zugelassener Reiserucksack f\u00fcr Damen und Herren, Schwarz-L (45 l), Rei\u00dfverschluss - SavvyTravel","description":"From the model BANGE , a high-end model backpack, specializing in the event and design of males multi-functional enterprise packs. we're dedicated to integratin"}},"product_brand":[],"product_cat":[68],"product_tag":[],"class_list":{"0":"post-12975","1":"product","2":"type-product","3":"status-publish","4":"has-post-thumbnail","6":"product_cat-travel-backpack","8":"first","9":"instock","10":"sale","11":"shipping-taxable","12":"product-type-external"},"fifu_image_url":"https:\/\/m.media-amazon.com\/images\/I\/61JWLysNMHL._AC_SL1000_.jpg","_links":{"self":[{"href":"https:\/\/savvychoice.co.uk\/savvytravel\/wp-json\/wp\/v2\/product\/12975","targetHints":{"allow":["GET"]}}],"collection":[{"href":"https:\/\/savvychoice.co.uk\/savvytravel\/wp-json\/wp\/v2\/product"}],"about":[{"href":"https:\/\/savvychoice.co.uk\/savvytravel\/wp-json\/wp\/v2\/types\/product"}],"replies":[{"embeddable":true,"href":"https:\/\/savvychoice.co.uk\/savvytravel\/wp-json\/wp\/v2\/comments?post=12975"}],"wp:featuredmedia":[{"embeddable":true,"href":"https:\/\/savvychoice.co.uk\/savvytravel\/wp-json\/wp\/v2\/media\/12976"}],"wp:attachment":[{"href":"https:\/\/savvychoice.co.uk\/savvytravel\/wp-json\/wp\/v2\/media?parent=12975"}],"wp:term":[{"taxonomy":"product_brand","embeddable":true,"href":"https:\/\/savvychoice.co.uk\/savvytravel\/wp-json\/wp\/v2\/product_brand?post=12975"},{"taxonomy":"product_cat","embeddable":true,"href":"https:\/\/savvychoice.co.uk\/savvytravel\/wp-json\/wp\/v2\/product_cat?post=12975"},{"taxonomy":"product_tag","embeddable":true,"href":"https:\/\/savvychoice.co.uk\/savvytravel\/wp-json\/wp\/v2\/product_tag?post=12975"}],"curies":[{"name":"wp","href":"https:\/\/api.w.org\/{rel}","templated":true}]}}